{"id":1511,"date":"2021-02-28T03:22:02","date_gmt":"2021-02-28T02:22:02","guid":{"rendered":"https:\/\/www.somacentrum.online\/home\/?page_id=1511"},"modified":"2021-03-06T02:23:47","modified_gmt":"2021-03-06T01:23:47","slug":"dva-percenta","status":"publish","type":"page","link":"https:\/\/www.somacentrum.online\/home\/dva-percenta\/","title":{"rendered":"Dva percent\u00e1"},"content":{"rendered":"\n<h2 class=\"has-text-align-center wp-block-heading\">\u010eakujeme!<\/h2>\n\n\n\n<div class=\"wp-block-columns is-layout-flex wp-container-core-columns-is-layout-9d6595d7 wp-block-columns-is-layout-flex\">\n<div class=\"wp-block-column is-layout-flow wp-block-column-is-layout-flow\" style=\"flex-basis:25%\"><\/div>\n\n\n\n<div class=\"wp-block-column is-layout-flow wp-block-column-is-layout-flow\" style=\"flex-basis:50%\">\n<p class=\"has-text-align-center\"><strong>\u010eakujeme za Va\u0161u podporu eduka\u010dno-promo\u010dnej \u010dinnosti kreat\u00edvneho (tvoriv\u00e9ho) myslenia<\/strong> <strong>a pr\u00edstupov<\/strong>. <strong>Viac na str\u00e1nke<\/strong> <a href=\"https:\/\/www.kreativita.online\/\" target=\"_blank\" rel=\"noreferrer noopener\"><strong>kreativita.online<\/strong><\/a><\/p>\n<\/div>\n\n\n\n<div class=\"wp-block-column is-layout-flow wp-block-column-is-layout-flow\" style=\"flex-basis:25%\"><\/div>\n<\/div>\n\n\n\n<p class=\"has-text-align-center\"><strong>somA \u2013 centrum kreat\u00edvneho myslenia, o.z<br><\/strong>IBAN: SK71 0900 0000 0051 7576 4689 | BIC (SWIFT): GIBASKBX | I\u010cO: 42387531 | Bodice 137, 03101 Liptovsk\u00fd Mikul\u00e1\u0161, Slovakia<\/p>\n\n\n\n<div style=\"height:6px\" aria-hidden=\"true\" class=\"wp-block-spacer\"><\/div>\n\n\n\n<h2 class=\"has-text-align-center wp-block-heading\">Ako darova\u0165 2 %?<\/h2>\n\n\n\n<p class=\"has-text-align-center\"><strong>V\u0161etky inform\u00e1cie ako postupova\u0165 <\/strong><br>ak chcete pou\u017ei\u0165 svoje dva percent\u00e1 z dane n\u00e1jdete <strong>na str\u00e1nke <a href=\"http:\/\/rozhodni.sk\" target=\"_blank\" rel=\"noreferrer noopener\">rozhodni.sk<\/a><\/strong><\/p>\n\n\n\n<div class=\"wp-block-columns is-layout-flex wp-container-core-columns-is-layout-9d6595d7 wp-block-columns-is-layout-flex\">\n<div class=\"wp-block-column is-layout-flow wp-block-column-is-layout-flow\"><\/div>\n<\/div>\n\n\n\n<div class=\"wp-block-columns is-layout-flex wp-container-core-columns-is-layout-9d6595d7 wp-block-columns-is-layout-flex\">\n<div class=\"wp-block-column is-layout-flow wp-block-column-is-layout-flow\"><\/div>\n\n\n\n<div class=\"wp-block-column is-layout-flow wp-block-column-is-layout-flow\">\n<figure class=\"wp-block-image size-large\"><img fetchpriority=\"high\" decoding=\"async\" width=\"594\" height=\"469\" src=\"https:\/\/www.somacentrum.online\/home\/wp-content\/uploads\/2021\/02\/somA_2_percenta_dakujeme__.gif\" alt=\"\" class=\"wp-image-1512\"\/><\/figure>\n<\/div>\n\n\n\n<div class=\"wp-block-column is-layout-flow wp-block-column-is-layout-flow\"><\/div>\n<\/div>\n\n\n\n<p><\/p>\n","protected":false},"excerpt":{"rendered":"<p>\u010eakujeme! \u010eakujeme za Va\u0161u podporu eduka\u010dno-promo\u010dnej \u010dinnosti kreat\u00edvneho (tvoriv\u00e9ho) myslenia a pr\u00edstupov. Viac na str\u00e1nke kreativita.online somA \u2013 centrum kreat\u00edvneho myslenia, o.zIBAN: SK71 0900 0000 0051 7576 4689 | BIC (SWIFT): GIBASKBX | I\u010cO: 42387531 | Bodice 137, 03101 Liptovsk\u00fd Mikul\u00e1\u0161, Slovakia Ako darova\u0165 2 %? V\u0161etky inform\u00e1cie ako postupova\u0165 ak chcete pou\u017ei\u0165 svoje dva [&hellip;]<\/p>\n","protected":false},"author":1,"featured_media":1512,"parent":0,"menu_order":0,"comment_status":"closed","ping_status":"closed","template":"","meta":{"om_disable_all_campaigns":false,"_monsterinsights_skip_tracking":false,"_monsterinsights_sitenote_active":false,"_monsterinsights_sitenote_note":"","_monsterinsights_sitenote_category":0,"_uf_show_specific_survey":0,"_uf_disable_surveys":false,"footnotes":""},"class_list":["post-1511","page","type-page","status-publish","has-post-thumbnail","hentry"],"aioseo_notices":[],"yoast_head":"<!-- This site is optimized with the Yoast SEO plugin v26.4 - https:\/\/yoast.com\/wordpress\/plugins\/seo\/ -->\n<title>Dva percent\u00e1 - somA centrum<\/title>\n<meta name=\"robots\" content=\"index, follow, max-snippet:-1, max-image-preview:large, max-video-preview:-1\" \/>\n<link rel=\"canonical\" href=\"https:\/\/www.somacentrum.online\/home\/dva-percenta\/\" \/>\n<meta property=\"og:locale\" content=\"sk_SK\" \/>\n<meta property=\"og:type\" content=\"article\" \/>\n<meta property=\"og:title\" content=\"Dva percent\u00e1 - somA centrum\" \/>\n<meta property=\"og:description\" content=\"\u010eakujeme! \u010eakujeme za Va\u0161u podporu eduka\u010dno-promo\u010dnej \u010dinnosti kreat\u00edvneho (tvoriv\u00e9ho) myslenia a pr\u00edstupov. Viac na str\u00e1nke kreativita.online somA \u2013 centrum kreat\u00edvneho myslenia, o.zIBAN: SK71 0900 0000 0051 7576 4689 | BIC (SWIFT): GIBASKBX | I\u010cO: 42387531 | Bodice 137, 03101 Liptovsk\u00fd Mikul\u00e1\u0161, Slovakia Ako darova\u0165 2 %? V\u0161etky inform\u00e1cie ako postupova\u0165 ak chcete pou\u017ei\u0165 svoje dva [&hellip;]\" \/>\n<meta property=\"og:url\" content=\"https:\/\/www.somacentrum.online\/home\/dva-percenta\/\" \/>\n<meta property=\"og:site_name\" content=\"somA centrum\" \/>\n<meta property=\"article:modified_time\" content=\"2021-03-06T01:23:47+00:00\" \/>\n<meta property=\"og:image\" content=\"https:\/\/www.somacentrum.online\/home\/wp-content\/uploads\/2021\/02\/somA_2_percenta_dakujeme__.gif\" \/>\n\t<meta property=\"og:image:width\" content=\"594\" \/>\n\t<meta property=\"og:image:height\" content=\"469\" \/>\n\t<meta property=\"og:image:type\" content=\"image\/gif\" \/>\n<meta name=\"twitter:card\" content=\"summary_large_image\" \/>\n<script type=\"application\/ld+json\" class=\"yoast-schema-graph\">{\"@context\":\"https:\/\/schema.org\",\"@graph\":[{\"@type\":\"WebPage\",\"@id\":\"https:\/\/www.somacentrum.online\/home\/dva-percenta\/\",\"url\":\"https:\/\/www.somacentrum.online\/home\/dva-percenta\/\",\"name\":\"Dva percent\u00e1 - somA centrum\",\"isPartOf\":{\"@id\":\"https:\/\/www.somacentrum.online\/home\/#website\"},\"primaryImageOfPage\":{\"@id\":\"https:\/\/www.somacentrum.online\/home\/dva-percenta\/#primaryimage\"},\"image\":{\"@id\":\"https:\/\/www.somacentrum.online\/home\/dva-percenta\/#primaryimage\"},\"thumbnailUrl\":\"https:\/\/www.somacentrum.online\/home\/wp-content\/uploads\/2021\/02\/somA_2_percenta_dakujeme__.gif\",\"datePublished\":\"2021-02-28T02:22:02+00:00\",\"dateModified\":\"2021-03-06T01:23:47+00:00\",\"breadcrumb\":{\"@id\":\"https:\/\/www.somacentrum.online\/home\/dva-percenta\/#breadcrumb\"},\"inLanguage\":\"sk-SK\",\"potentialAction\":[{\"@type\":\"ReadAction\",\"target\":[\"https:\/\/www.somacentrum.online\/home\/dva-percenta\/\"]}]},{\"@type\":\"ImageObject\",\"inLanguage\":\"sk-SK\",\"@id\":\"https:\/\/www.somacentrum.online\/home\/dva-percenta\/#primaryimage\",\"url\":\"https:\/\/www.somacentrum.online\/home\/wp-content\/uploads\/2021\/02\/somA_2_percenta_dakujeme__.gif\",\"contentUrl\":\"https:\/\/www.somacentrum.online\/home\/wp-content\/uploads\/2021\/02\/somA_2_percenta_dakujeme__.gif\",\"width\":594,\"height\":469},{\"@type\":\"BreadcrumbList\",\"@id\":\"https:\/\/www.somacentrum.online\/home\/dva-percenta\/#breadcrumb\",\"itemListElement\":[{\"@type\":\"ListItem\",\"position\":1,\"name\":\"Home\",\"item\":\"https:\/\/www.somacentrum.online\/home\/\"},{\"@type\":\"ListItem\",\"position\":2,\"name\":\"Dva percent\u00e1\"}]},{\"@type\":\"WebSite\",\"@id\":\"https:\/\/www.somacentrum.online\/home\/#website\",\"url\":\"https:\/\/www.somacentrum.online\/home\/\",\"name\":\"somA centrum\",\"description\":\"kreat\u00edvneho myslenia, o.z.\",\"potentialAction\":[{\"@type\":\"SearchAction\",\"target\":{\"@type\":\"EntryPoint\",\"urlTemplate\":\"https:\/\/www.somacentrum.online\/home\/?s={search_term_string}\"},\"query-input\":{\"@type\":\"PropertyValueSpecification\",\"valueRequired\":true,\"valueName\":\"search_term_string\"}}],\"inLanguage\":\"sk-SK\"}]}<\/script>\n<!-- \/ Yoast SEO plugin. -->","yoast_head_json":{"title":"Dva percent\u00e1 - somA centrum","robots":{"index":"index","follow":"follow","max-snippet":"max-snippet:-1","max-image-preview":"max-image-preview:large","max-video-preview":"max-video-preview:-1"},"canonical":"https:\/\/www.somacentrum.online\/home\/dva-percenta\/","og_locale":"sk_SK","og_type":"article","og_title":"Dva percent\u00e1 - somA centrum","og_description":"\u010eakujeme! \u010eakujeme za Va\u0161u podporu eduka\u010dno-promo\u010dnej \u010dinnosti kreat\u00edvneho (tvoriv\u00e9ho) myslenia a pr\u00edstupov. Viac na str\u00e1nke kreativita.online somA \u2013 centrum kreat\u00edvneho myslenia, o.zIBAN: SK71 0900 0000 0051 7576 4689 | BIC (SWIFT): GIBASKBX | I\u010cO: 42387531 | Bodice 137, 03101 Liptovsk\u00fd Mikul\u00e1\u0161, Slovakia Ako darova\u0165 2 %? V\u0161etky inform\u00e1cie ako postupova\u0165 ak chcete pou\u017ei\u0165 svoje dva [&hellip;]","og_url":"https:\/\/www.somacentrum.online\/home\/dva-percenta\/","og_site_name":"somA centrum","article_modified_time":"2021-03-06T01:23:47+00:00","og_image":[{"url":"https:\/\/www.somacentrum.online\/home\/wp-content\/uploads\/2021\/02\/somA_2_percenta_dakujeme__.gif","width":594,"height":469,"type":"image\/gif"}],"twitter_card":"summary_large_image","schema":{"@context":"https:\/\/schema.org","@graph":[{"@type":"WebPage","@id":"https:\/\/www.somacentrum.online\/home\/dva-percenta\/","url":"https:\/\/www.somacentrum.online\/home\/dva-percenta\/","name":"Dva percent\u00e1 - somA centrum","isPartOf":{"@id":"https:\/\/www.somacentrum.online\/home\/#website"},"primaryImageOfPage":{"@id":"https:\/\/www.somacentrum.online\/home\/dva-percenta\/#primaryimage"},"image":{"@id":"https:\/\/www.somacentrum.online\/home\/dva-percenta\/#primaryimage"},"thumbnailUrl":"https:\/\/www.somacentrum.online\/home\/wp-content\/uploads\/2021\/02\/somA_2_percenta_dakujeme__.gif","datePublished":"2021-02-28T02:22:02+00:00","dateModified":"2021-03-06T01:23:47+00:00","breadcrumb":{"@id":"https:\/\/www.somacentrum.online\/home\/dva-percenta\/#breadcrumb"},"inLanguage":"sk-SK","potentialAction":[{"@type":"ReadAction","target":["https:\/\/www.somacentrum.online\/home\/dva-percenta\/"]}]},{"@type":"ImageObject","inLanguage":"sk-SK","@id":"https:\/\/www.somacentrum.online\/home\/dva-percenta\/#primaryimage","url":"https:\/\/www.somacentrum.online\/home\/wp-content\/uploads\/2021\/02\/somA_2_percenta_dakujeme__.gif","contentUrl":"https:\/\/www.somacentrum.online\/home\/wp-content\/uploads\/2021\/02\/somA_2_percenta_dakujeme__.gif","width":594,"height":469},{"@type":"BreadcrumbList","@id":"https:\/\/www.somacentrum.online\/home\/dva-percenta\/#breadcrumb","itemListElement":[{"@type":"ListItem","position":1,"name":"Home","item":"https:\/\/www.somacentrum.online\/home\/"},{"@type":"ListItem","position":2,"name":"Dva percent\u00e1"}]},{"@type":"WebSite","@id":"https:\/\/www.somacentrum.online\/home\/#website","url":"https:\/\/www.somacentrum.online\/home\/","name":"somA centrum","description":"kreat\u00edvneho myslenia, o.z.","potentialAction":[{"@type":"SearchAction","target":{"@type":"EntryPoint","urlTemplate":"https:\/\/www.somacentrum.online\/home\/?s={search_term_string}"},"query-input":{"@type":"PropertyValueSpecification","valueRequired":true,"valueName":"search_term_string"}}],"inLanguage":"sk-SK"}]}},"_links":{"self":[{"href":"https:\/\/www.somacentrum.online\/home\/wp-json\/wp\/v2\/pages\/1511","targetHints":{"allow":["GET"]}}],"collection":[{"href":"https:\/\/www.somacentrum.online\/home\/wp-json\/wp\/v2\/pages"}],"about":[{"href":"https:\/\/www.somacentrum.online\/home\/wp-json\/wp\/v2\/types\/page"}],"author":[{"embeddable":true,"href":"https:\/\/www.somacentrum.online\/home\/wp-json\/wp\/v2\/users\/1"}],"replies":[{"embeddable":true,"href":"https:\/\/www.somacentrum.online\/home\/wp-json\/wp\/v2\/comments?post=1511"}],"version-history":[{"count":6,"href":"https:\/\/www.somacentrum.online\/home\/wp-json\/wp\/v2\/pages\/1511\/revisions"}],"predecessor-version":[{"id":1611,"href":"https:\/\/www.somacentrum.online\/home\/wp-json\/wp\/v2\/pages\/1511\/revisions\/1611"}],"wp:featuredmedia":[{"embeddable":true,"href":"https:\/\/www.somacentrum.online\/home\/wp-json\/wp\/v2\/media\/1512"}],"wp:attachment":[{"href":"https:\/\/www.somacentrum.online\/home\/wp-json\/wp\/v2\/media?parent=1511"}],"curies":[{"name":"wp","href":"https:\/\/api.w.org\/{rel}","templated":true}]}}